{"id":1675,"date":"2025-02-16T16:43:46","date_gmt":"2025-02-16T16:43:46","guid":{"rendered":"https:\/\/new.ecomond.com\/wordpress\/?page_id=1675"},"modified":"2025-03-10T20:28:50","modified_gmt":"2025-03-10T20:28:50","slug":"politica-de-privacidad","status":"publish","type":"page","link":"https:\/\/new.ecomond.com\/wordpress\/es\/politica-de-privacidad\/","title":{"rendered":"Pol\u00edtica de Privacidad"},"content":{"rendered":"\t\t<div data-elementor-type=\"wp-page\" data-elementor-id=\"1675\" class=\"elementor elementor-1675\" data-elementor-post-type=\"page\">\n\t\t\t\t<div class=\"elementor-element elementor-element-215a0b3 e-flex e-con-boxed e-con e-parent\" data-id=\"215a0b3\" data-element_type=\"container\">\n\t\t\t\t\t<div class=\"e-con-inner\">\n\t\t\t\t<div class=\"elementor-element elementor-element-1754a14 elementor-invisible elementor-widget elementor-widget-heading\" data-id=\"1754a14\" data-element_type=\"widget\" data-settings=\"{&quot;_animation&quot;:&quot;fadeInLeft&quot;}\" data-widget_type=\"heading.default\">\n\t\t\t\t<div class=\"elementor-widget-container\">\n\t\t\t\t\t<h1 class=\"elementor-heading-title elementor-size-default\">Pol\u00edtica de Privacidad<\/h1>\t\t\t\t<\/div>\n\t\t\t\t<\/div>\n\t\t\t\t<div class=\"elementor-element elementor-element-5046213 elementor-invisible elementor-widget elementor-widget-heading\" data-id=\"5046213\" data-element_type=\"widget\" data-settings=\"{&quot;_animation&quot;:&quot;fadeInLeft&quot;}\" data-widget_type=\"heading.default\">\n\t\t\t\t<div class=\"elementor-widget-container\">\n\t\t\t\t\t<h2 class=\"elementor-heading-title elementor-size-default\">Declaraci\u00f3n de privacidad 28.11.2017<\/h2>\t\t\t\t<\/div>\n\t\t\t\t<\/div>\n\t\t\t\t<div class=\"elementor-element elementor-element-0d1e2f0 elementor-widget elementor-widget-text-editor\" data-id=\"0d1e2f0\" data-element_type=\"widget\" data-widget_type=\"text-editor.default\">\n\t\t\t\t<div class=\"elementor-widget-container\">\n\t\t\t\t\t\t\t\t\t<p>Ecomond Oy se compromete a proteger la privacidad de sus usuarios y a adherirse a las buenas pr\u00e1cticas de privacidad en sus operaciones. Este documento describe el tratamiento de datos personales y la protecci\u00f3n de datos relacionados con el sitio web de Ecomond Oy. El documento describe los elementos generalmente utilizados y la duraci\u00f3n del acuerdo, as\u00ed como la naturaleza y la finalidad del acuerdo, el tipo de datos personales y los grupos registrados.<\/p>\t\t\t\t\t\t\t\t<\/div>\n\t\t\t\t<\/div>\n\t\t\t\t<div class=\"elementor-element elementor-element-e8c43b7 elementor-invisible elementor-widget elementor-widget-heading\" data-id=\"e8c43b7\" data-element_type=\"widget\" data-settings=\"{&quot;_animation&quot;:&quot;fadeInLeft&quot;}\" data-widget_type=\"heading.default\">\n\t\t\t\t<div class=\"elementor-widget-container\">\n\t\t\t\t\t<h2 class=\"elementor-heading-title elementor-size-default\">Datos recogidos<\/h2>\t\t\t\t<\/div>\n\t\t\t\t<\/div>\n\t\t\t\t<div class=\"elementor-element elementor-element-e60c8fa elementor-widget elementor-widget-text-editor\" data-id=\"e60c8fa\" data-element_type=\"widget\" data-widget_type=\"text-editor.default\">\n\t\t\t\t<div class=\"elementor-widget-container\">\n\t\t\t\t\t\t\t\t\t<p>De los usuarios de servicios en l\u00ednea s\u00f3lo recogemos informaci\u00f3n relevante para la funcionalidad y fiabilidad del sistema, como nombre, apellidos, n\u00famero de tel\u00e9fono, empresa y correo electr\u00f3nico.<\/p><p>Adem\u00e1s de la informaci\u00f3n facilitada por el propio usuario, terceros pueden recopilar datos utilizando cookies. Entre ellos se incluye, por ejemplo, Google Analytics, que mide el uso de los servicios en l\u00ednea. Obtenga m\u00e1s informaci\u00f3n sobre los t\u00e9rminos y condiciones de Google Analytics <a href=\"https:\/\/policies.google.com\/technologies\/partner-sites?hl=fi\" target=\"_blank\" rel=\"noopener\">aqu\u00ed.<\/a><\/p>\t\t\t\t\t\t\t\t<\/div>\n\t\t\t\t<\/div>\n\t\t\t\t<div class=\"elementor-element elementor-element-e6064eb elementor-invisible elementor-widget elementor-widget-heading\" data-id=\"e6064eb\" data-element_type=\"widget\" data-settings=\"{&quot;_animation&quot;:&quot;fadeInLeft&quot;}\" data-widget_type=\"heading.default\">\n\t\t\t\t<div class=\"elementor-widget-container\">\n\t\t\t\t\t<h2 class=\"elementor-heading-title elementor-size-default\">Finalidad y almacenamiento de la recogida de datos personales<\/h2>\t\t\t\t<\/div>\n\t\t\t\t<\/div>\n\t\t\t\t<div class=\"elementor-element elementor-element-9751ffd elementor-widget elementor-widget-text-editor\" data-id=\"9751ffd\" data-element_type=\"widget\" data-widget_type=\"text-editor.default\">\n\t\t\t\t<div class=\"elementor-widget-container\">\n\t\t\t\t\t\t\t\t\t<p>El sistema s\u00f3lo recoge la informaci\u00f3n necesaria para su funcionamiento. La informaci\u00f3n puede ser utilizada por el usuario como informaci\u00f3n visible o en un sentido t\u00e9cnico como parte de la funcionalidad del sistema. La finalidad de esta informaci\u00f3n es facilitar el funcionamiento del servicio.<\/p><p>Los datos recogidos se utilizar\u00e1n para mejorar y desarrollar los servicios en l\u00ednea. Tambi\u00e9n ayudan a mejorar el servicio al cliente. Adem\u00e1s, los datos recogidos pueden utilizarse para orientar las ventas.<\/p><p>Los datos se almacenan en bases de datos ubicadas en servidores protegidos por cortafuegos, diversas t\u00e9cnicas de encriptaci\u00f3n y de acceso limitado con control de acceso y derechos de acceso.<\/p><p>El usuario tiene derecho a comprobar los datos personales almacenados sobre \u00e9l y puede solicitar la modificaci\u00f3n o eliminaci\u00f3n de datos poni\u00e9ndose en contacto con el servicio de asistencia de Ecomond.<\/p><p>Los sitios web pueden utilizar cookies para rastrear a los usuarios. El usuario puede borrar las cookies de su navegador o bloquearlas completamente. El bloqueo de las cookies puede afectar a la funcionalidad de los servicios en l\u00ednea. Los datos recogidos s\u00f3lo se conservan durante el tiempo necesario.<\/p>\t\t\t\t\t\t\t\t<\/div>\n\t\t\t\t<\/div>\n\t\t\t\t<div class=\"elementor-element elementor-element-038c16d elementor-invisible elementor-widget elementor-widget-heading\" data-id=\"038c16d\" data-element_type=\"widget\" data-settings=\"{&quot;_animation&quot;:&quot;fadeInLeft&quot;}\" data-widget_type=\"heading.default\">\n\t\t\t\t<div class=\"elementor-widget-container\">\n\t\t\t\t\t<h2 class=\"elementor-heading-title elementor-size-default\">Aplicaciones m\u00f3viles<\/h2>\t\t\t\t<\/div>\n\t\t\t\t<\/div>\n\t\t\t\t<div class=\"elementor-element elementor-element-2d70e47 elementor-widget elementor-widget-text-editor\" data-id=\"2d70e47\" data-element_type=\"widget\" data-widget_type=\"text-editor.default\">\n\t\t\t\t<div class=\"elementor-widget-container\">\n\t\t\t\t\t\t\t\t\t<p>El sistema s\u00f3lo recoge la informaci\u00f3n necesaria para su funcionamiento. La informaci\u00f3n puede ser utilizada por el usuario como informaci\u00f3n visible o en un sentido t\u00e9cnico como parte de la funcionalidad del sistema. La finalidad de esta informaci\u00f3n es facilitar el funcionamiento del servicio.<\/p><p>Para las aplicaciones m\u00f3viles proporcionadas por Ecomond Oy, adem\u00e1s de esta cl\u00e1usula de privacidad, se aplican las condiciones del proveedor del servicio m\u00f3vil. Se puede acceder a los t\u00e9rminos y condiciones desde las compras de aplicaciones m\u00f3viles: <a href=\"https:\/\/www.apple.com\/legal\/internet-services\/itunes\/fi\/terms.html\" target=\"_blank\" rel=\"noopener\">Apple<\/a>, <a href=\"https:\/\/policies.google.com\/terms?hl=en\" target=\"_blank\" rel=\"noopener\">Google<\/a>, <a href=\"https:\/\/www.microsoft.com\/en-us\/privacy\/privacy\" target=\"_blank\" rel=\"noopener\">Microsoft<\/a>.<\/p>\t\t\t\t\t\t\t\t<\/div>\n\t\t\t\t<\/div>\n\t\t\t\t<div class=\"elementor-element elementor-element-a3a8841 elementor-invisible elementor-widget elementor-widget-heading\" data-id=\"a3a8841\" data-element_type=\"widget\" data-settings=\"{&quot;_animation&quot;:&quot;fadeInLeft&quot;}\" data-widget_type=\"heading.default\">\n\t\t\t\t<div class=\"elementor-widget-container\">\n\t\t\t\t\t<h2 class=\"elementor-heading-title elementor-size-default\">Actualizaci\u00f3n de la declaraci\u00f3n de confidencialidad<\/h2>\t\t\t\t<\/div>\n\t\t\t\t<\/div>\n\t\t\t\t<div class=\"elementor-element elementor-element-fa1afb7 elementor-widget elementor-widget-text-editor\" data-id=\"fa1afb7\" data-element_type=\"widget\" data-widget_type=\"text-editor.default\">\n\t\t\t\t<div class=\"elementor-widget-container\">\n\t\t\t\t\t\t\t\t\tEstamos desarrollando constantemente nuestros servicios, por lo que puede haber cambios en la Declaraci\u00f3n de Privacidad. La Declaraci\u00f3n de Privacidad puede revisarse a intervalos regulares.\t\t\t\t\t\t\t\t<\/div>\n\t\t\t\t<\/div>\n\t\t\t\t<div class=\"elementor-element elementor-element-09d602b elementor-invisible elementor-widget elementor-widget-heading\" data-id=\"09d602b\" data-element_type=\"widget\" data-settings=\"{&quot;_animation&quot;:&quot;fadeInLeft&quot;}\" data-widget_type=\"heading.default\">\n\t\t\t\t<div class=\"elementor-widget-container\">\n\t\t\t\t\t<h2 class=\"elementor-heading-title elementor-size-default\">Contacto<\/h2>\t\t\t\t<\/div>\n\t\t\t\t<\/div>\n\t\t\t\t<div class=\"elementor-element elementor-element-5745df4 elementor-widget elementor-widget-text-editor\" data-id=\"5745df4\" data-element_type=\"widget\" data-widget_type=\"text-editor.default\">\n\t\t\t\t<div class=\"elementor-widget-container\">\n\t\t\t\t\t\t\t\t\t<p>Ecomond Oy<br \/>PL 1188 (Microkatu 1)<br \/>70211 KUOPIO &#8211; FINLAND<br \/>Correo electr\u00f3nico: <a href=\"mailto:support@ecomond.com\" target=\"_blank\" rel=\"noopener\">support@ecomond.com<\/a><\/p>\t\t\t\t\t\t\t\t<\/div>\n\t\t\t\t<\/div>\n\t\t\t\t\t<\/div>\n\t\t\t\t<\/div>\n\t\t\t\t<\/div>\n\t\t","protected":false},"excerpt":{"rendered":"<p>Pol\u00edtica de Privacidad Declaraci\u00f3n de privacidad 28.11.2017 Ecomond Oy se compromete a proteger la privacidad de sus usuarios y a adherirse a las buenas pr\u00e1cticas de privacidad en sus operaciones. Este documento describe el tratamiento de datos personales y la protecci\u00f3n de datos relacionados con el sitio web de Ecomond Oy. El documento describe los [&hellip;]<\/p>\n","protected":false},"author":1,"featured_media":0,"parent":0,"menu_order":0,"comment_status":"closed","ping_status":"open","template":"elementor_header_footer","meta":{"footnotes":""},"class_list":["post-1675","page","type-page","status-publish","hentry"],"_links":{"self":[{"href":"https:\/\/new.ecomond.com\/wordpress\/wp-json\/wp\/v2\/pages\/1675","targetHints":{"allow":["GET"]}}],"collection":[{"href":"https:\/\/new.ecomond.com\/wordpress\/wp-json\/wp\/v2\/pages"}],"about":[{"href":"https:\/\/new.ecomond.com\/wordpress\/wp-json\/wp\/v2\/types\/page"}],"author":[{"embeddable":true,"href":"https:\/\/new.ecomond.com\/wordpress\/wp-json\/wp\/v2\/users\/1"}],"replies":[{"embeddable":true,"href":"https:\/\/new.ecomond.com\/wordpress\/wp-json\/wp\/v2\/comments?post=1675"}],"version-history":[{"count":19,"href":"https:\/\/new.ecomond.com\/wordpress\/wp-json\/wp\/v2\/pages\/1675\/revisions"}],"predecessor-version":[{"id":2281,"href":"https:\/\/new.ecomond.com\/wordpress\/wp-json\/wp\/v2\/pages\/1675\/revisions\/2281"}],"wp:attachment":[{"href":"https:\/\/new.ecomond.com\/wordpress\/wp-json\/wp\/v2\/media?parent=1675"}],"curies":[{"name":"wp","href":"https:\/\/api.w.org\/{rel}","templated":true}]}}