{"id":1693,"date":"2025-02-16T17:05:34","date_gmt":"2025-02-16T17:05:34","guid":{"rendered":"https:\/\/new.ecomond.com\/wordpress\/?page_id=1693"},"modified":"2025-03-08T04:13:04","modified_gmt":"2025-03-08T04:13:04","slug":"blog-2","status":"publish","type":"page","link":"https:\/\/new.ecomond.com\/wordpress\/es\/blog-2\/","title":{"rendered":"Blog espa\u00f1ol"},"content":{"rendered":"\t\t<div data-elementor-type=\"wp-page\" data-elementor-id=\"1693\" class=\"elementor elementor-1693\" data-elementor-post-type=\"page\">\n\t\t\t\t<div class=\"elementor-element elementor-element-32616d55 e-flex e-con-boxed e-con e-parent\" data-id=\"32616d55\" data-element_type=\"container\" data-settings=\"{&quot;background_background&quot;:&quot;classic&quot;}\">\n\t\t\t\t\t<div class=\"e-con-inner\">\n\t\t<div class=\"elementor-element elementor-element-493f27ac e-con-full e-flex e-con e-child\" data-id=\"493f27ac\" data-element_type=\"container\">\n\t\t\t\t<div class=\"elementor-element elementor-element-546e4ff6 elementor-widget elementor-widget-heading\" data-id=\"546e4ff6\" data-element_type=\"widget\" data-settings=\"{&quot;_animation&quot;:&quot;none&quot;}\" data-widget_type=\"heading.default\">\n\t\t\t\t<div class=\"elementor-widget-container\">\n\t\t\t\t\t<h2 class=\"elementor-heading-title elementor-size-default\">Nuestro Blog<\/h2>\t\t\t\t<\/div>\n\t\t\t\t<\/div>\n\t\t\t\t<\/div>\n\t\t\t\t\t<\/div>\n\t\t\t\t<\/div>\n\t\t\t\t<section class=\"elementor-section elementor-top-section elementor-element elementor-element-2914b77d elementor-section-boxed elementor-section-height-default elementor-section-height-default\" data-id=\"2914b77d\" data-element_type=\"section\" data-settings=\"{&quot;background_background&quot;:&quot;classic&quot;}\">\n\t\t\t\t\t\t<div class=\"elementor-container elementor-column-gap-default\">\n\t\t\t\t\t<div class=\"elementor-column elementor-col-100 elementor-top-column elementor-element elementor-element-70ba433f\" data-id=\"70ba433f\" data-element_type=\"column\">\n\t\t\t<div class=\"elementor-widget-wrap elementor-element-populated\">\n\t\t\t\t\t\t<div class=\"elementor-element elementor-element-60ec492e elementor-grid-3 elementor-grid-tablet-2 elementor-grid-mobile-1 elementor-posts--thumbnail-top elementor-widget elementor-widget-posts\" data-id=\"60ec492e\" data-element_type=\"widget\" data-settings=\"{&quot;classic_columns&quot;:&quot;3&quot;,&quot;classic_columns_tablet&quot;:&quot;2&quot;,&quot;classic_columns_mobile&quot;:&quot;1&quot;,&quot;classic_row_gap&quot;:{&quot;unit&quot;:&quot;px&quot;,&quot;size&quot;:35,&quot;sizes&quot;:[]},&quot;classic_row_gap_tablet&quot;:{&quot;unit&quot;:&quot;px&quot;,&quot;size&quot;:&quot;&quot;,&quot;sizes&quot;:[]},&quot;classic_row_gap_mobile&quot;:{&quot;unit&quot;:&quot;px&quot;,&quot;size&quot;:&quot;&quot;,&quot;sizes&quot;:[]}}\" data-widget_type=\"posts.classic\">\n\t\t\t\t<div class=\"elementor-widget-container\">\n\t\t\t\t\t\t\t<div class=\"elementor-posts-container elementor-posts elementor-posts--skin-classic elementor-grid\">\n\t\t\t\t<article class=\"elementor-post elementor-grid-item post-1677 post type-post status-publish format-standard has-post-thumbnail hentry category-blog-es\">\n\t\t\t\t<a class=\"elementor-post__thumbnail__link\" href=\"https:\/\/new.ecomond.com\/wordpress\/es\/un-estudio-de-caso-la-gestion-de-las-operaciones-de-control-de-plagas-de-anticimex\/\" tabindex=\"-1\" >\n\t\t\t<div class=\"elementor-post__thumbnail\"><img fetchpriority=\"high\" decoding=\"async\" width=\"1280\" height=\"601\" src=\"https:\/\/new.ecomond.com\/wordpress\/wp-content\/uploads\/2025\/01\/acimex.webp\" class=\"attachment-full size-full wp-image-2258\" alt=\"acimex\" srcset=\"https:\/\/new.ecomond.com\/wordpress\/wp-content\/uploads\/2025\/01\/acimex.webp 1280w, https:\/\/new.ecomond.com\/wordpress\/wp-content\/uploads\/2025\/01\/acimex-300x141.webp 300w, https:\/\/new.ecomond.com\/wordpress\/wp-content\/uploads\/2025\/01\/acimex-1024x481.webp 1024w, https:\/\/new.ecomond.com\/wordpress\/wp-content\/uploads\/2025\/01\/acimex-768x361.webp 768w\" sizes=\"(max-width: 1280px) 100vw, 1280px\" \/><\/div>\n\t\t<\/a>\n\t\t\t\t<div class=\"elementor-post__text\">\n\t\t\t\t<h3 class=\"elementor-post__title\">\n\t\t\t<a href=\"https:\/\/new.ecomond.com\/wordpress\/es\/un-estudio-de-caso-la-gestion-de-las-operaciones-de-control-de-plagas-de-anticimex\/\" >\n\t\t\t\tUn estudio de caso: la gesti\u00f3n de las operaciones de control de plagas de Anticimex\t\t\t<\/a>\n\t\t<\/h3>\n\t\t\t\t<div class=\"elementor-post__meta-data\">\n\t\t\t\t\t<span class=\"elementor-post-date\">\n\t\t\tJanuary 2, 2025\t\t<\/span>\n\t\t\t\t<\/div>\n\t\t\t\t<div class=\"elementor-post__excerpt\">\n\t\t\t<p>Anticimex es un proveedor internacional de control de plagas, entorno construido e higiene alimentaria. Es una de las pocas empresas de Finlandia que ofrece soluciones digitales para el control de plagas, con su propio sistema SMART. El sistema de control<\/p>\n\t\t<\/div>\n\t\t\t\t\t<div class=\"elementor-post__read-more-wrapper\">\n\t\t\n\t\t<a class=\"elementor-post__read-more\" href=\"https:\/\/new.ecomond.com\/wordpress\/es\/un-estudio-de-caso-la-gestion-de-las-operaciones-de-control-de-plagas-de-anticimex\/\" aria-label=\"Read more about Un estudio de caso: la gesti\u00f3n de las operaciones de control de plagas de Anticimex\" tabindex=\"-1\" >\n\t\t\tLeer m\u00e1s \u00bb\t\t<\/a>\n\n\t\t\t\t\t<\/div>\n\t\t\t\t<\/div>\n\t\t\t\t<\/article>\n\t\t\t\t<article class=\"elementor-post elementor-grid-item post-1679 post type-post status-publish format-standard has-post-thumbnail hentry category-blog-es\">\n\t\t\t\t<a class=\"elementor-post__thumbnail__link\" href=\"https:\/\/new.ecomond.com\/wordpress\/es\/gestionar-operaciones-complejas-en-el-futuro-aprovechar-soluciones-basadas-en-la-nube-como-el-sistema-de-control-de-tareas-tcs-de-ecomond\/\" tabindex=\"-1\" >\n\t\t\t<div class=\"elementor-post__thumbnail\"><img decoding=\"async\" width=\"854\" height=\"566\" src=\"https:\/\/new.ecomond.com\/wordpress\/wp-content\/uploads\/2024\/11\/blog-2.png\" class=\"attachment-full size-full wp-image-558\" alt=\"\" srcset=\"https:\/\/new.ecomond.com\/wordpress\/wp-content\/uploads\/2024\/11\/blog-2.png 854w, https:\/\/new.ecomond.com\/wordpress\/wp-content\/uploads\/2024\/11\/blog-2-300x199.png 300w, https:\/\/new.ecomond.com\/wordpress\/wp-content\/uploads\/2024\/11\/blog-2-768x509.png 768w\" sizes=\"(max-width: 854px) 100vw, 854px\" \/><\/div>\n\t\t<\/a>\n\t\t\t\t<div class=\"elementor-post__text\">\n\t\t\t\t<h3 class=\"elementor-post__title\">\n\t\t\t<a href=\"https:\/\/new.ecomond.com\/wordpress\/es\/gestionar-operaciones-complejas-en-el-futuro-aprovechar-soluciones-basadas-en-la-nube-como-el-sistema-de-control-de-tareas-tcs-de-ecomond\/\" >\n\t\t\t\tGestionar operaciones complejas en el futuro: aprovechar soluciones basadas en la nube como el Sistema de Control de Tareas (TCS) de Ecomond\t\t\t<\/a>\n\t\t<\/h3>\n\t\t\t\t<div class=\"elementor-post__meta-data\">\n\t\t\t\t\t<span class=\"elementor-post-date\">\n\t\t\tDecember 5, 2024\t\t<\/span>\n\t\t\t\t<\/div>\n\t\t\t\t<div class=\"elementor-post__excerpt\">\n\t\t\t<p>Las empresas operan en un mundo en constante cambio en el que la adaptaci\u00f3n instant\u00e1nea y sin problemas es clave. El futuro de la gesti\u00f3n de operaciones pasa por aprovechar soluciones basadas en la nube que sean flexibles, escalables y<\/p>\n\t\t<\/div>\n\t\t\t\t\t<div class=\"elementor-post__read-more-wrapper\">\n\t\t\n\t\t<a class=\"elementor-post__read-more\" href=\"https:\/\/new.ecomond.com\/wordpress\/es\/gestionar-operaciones-complejas-en-el-futuro-aprovechar-soluciones-basadas-en-la-nube-como-el-sistema-de-control-de-tareas-tcs-de-ecomond\/\" aria-label=\"Read more about Gestionar operaciones complejas en el futuro: aprovechar soluciones basadas en la nube como el Sistema de Control de Tareas (TCS) de Ecomond\" tabindex=\"-1\" >\n\t\t\tLeer m\u00e1s \u00bb\t\t<\/a>\n\n\t\t\t\t\t<\/div>\n\t\t\t\t<\/div>\n\t\t\t\t<\/article>\n\t\t\t\t<article class=\"elementor-post elementor-grid-item post-1681 post type-post status-publish format-standard has-post-thumbnail hentry category-blog-es\">\n\t\t\t\t<a class=\"elementor-post__thumbnail__link\" href=\"https:\/\/new.ecomond.com\/wordpress\/es\/5-formas-de-optimizar-la-logistica-con-el-sistema-de-control-de-tareas-tcs-de-ecomond\/\" tabindex=\"-1\" >\n\t\t\t<div class=\"elementor-post__thumbnail\"><img decoding=\"async\" width=\"853\" height=\"564\" src=\"https:\/\/new.ecomond.com\/wordpress\/wp-content\/uploads\/2024\/11\/blog-3.png\" class=\"attachment-full size-full wp-image-559\" alt=\"blog 3\" srcset=\"https:\/\/new.ecomond.com\/wordpress\/wp-content\/uploads\/2024\/11\/blog-3.png 853w, https:\/\/new.ecomond.com\/wordpress\/wp-content\/uploads\/2024\/11\/blog-3-300x198.png 300w, https:\/\/new.ecomond.com\/wordpress\/wp-content\/uploads\/2024\/11\/blog-3-768x508.png 768w\" sizes=\"(max-width: 853px) 100vw, 853px\" \/><\/div>\n\t\t<\/a>\n\t\t\t\t<div class=\"elementor-post__text\">\n\t\t\t\t<h3 class=\"elementor-post__title\">\n\t\t\t<a href=\"https:\/\/new.ecomond.com\/wordpress\/es\/5-formas-de-optimizar-la-logistica-con-el-sistema-de-control-de-tareas-tcs-de-ecomond\/\" >\n\t\t\t\t5 formas de optimizar la log\u00edstica con el Sistema de Control de Tareas (TCS) de Ecomond\t\t\t<\/a>\n\t\t<\/h3>\n\t\t\t\t<div class=\"elementor-post__meta-data\">\n\t\t\t\t\t<span class=\"elementor-post-date\">\n\t\t\tOctober 22, 2024\t\t<\/span>\n\t\t\t\t<\/div>\n\t\t\t\t<div class=\"elementor-post__excerpt\">\n\t\t\t<p>Optimizar su log\u00edstica puede ser todo un reto, sobre todo cuando varios procesos a\u00fan se realizan manualmente y se producen cambios con frecuencia. El TCS de Ecomond ayuda a las empresas a operar de forma sistem\u00e1tica y automatizada, garantizando un<\/p>\n\t\t<\/div>\n\t\t\t\t\t<div class=\"elementor-post__read-more-wrapper\">\n\t\t\n\t\t<a class=\"elementor-post__read-more\" href=\"https:\/\/new.ecomond.com\/wordpress\/es\/5-formas-de-optimizar-la-logistica-con-el-sistema-de-control-de-tareas-tcs-de-ecomond\/\" aria-label=\"Read more about 5 formas de optimizar la log\u00edstica con el Sistema de Control de Tareas (TCS) de Ecomond\" tabindex=\"-1\" >\n\t\t\tLeer m\u00e1s \u00bb\t\t<\/a>\n\n\t\t\t\t\t<\/div>\n\t\t\t\t<\/div>\n\t\t\t\t<\/article>\n\t\t\t\t<\/div>\n\t\t\n\t\t\t\t\t\t<\/div>\n\t\t\t\t<\/div>\n\t\t\t\t\t<\/div>\n\t\t<\/div>\n\t\t\t\t\t<\/div>\n\t\t<\/section>\n\t\t\t\t<\/div>\n\t\t","protected":false},"excerpt":{"rendered":"<p>Nuestro Blog<\/p>\n","protected":false},"author":1,"featured_media":0,"parent":0,"menu_order":0,"comment_status":"closed","ping_status":"closed","template":"elementor_header_footer","meta":{"footnotes":""},"class_list":["post-1693","page","type-page","status-publish","hentry"],"_links":{"self":[{"href":"https:\/\/new.ecomond.com\/wordpress\/wp-json\/wp\/v2\/pages\/1693","targetHints":{"allow":["GET"]}}],"collection":[{"href":"https:\/\/new.ecomond.com\/wordpress\/wp-json\/wp\/v2\/pages"}],"about":[{"href":"https:\/\/new.ecomond.com\/wordpress\/wp-json\/wp\/v2\/types\/page"}],"author":[{"embeddable":true,"href":"https:\/\/new.ecomond.com\/wordpress\/wp-json\/wp\/v2\/users\/1"}],"replies":[{"embeddable":true,"href":"https:\/\/new.ecomond.com\/wordpress\/wp-json\/wp\/v2\/comments?post=1693"}],"version-history":[{"count":19,"href":"https:\/\/new.ecomond.com\/wordpress\/wp-json\/wp\/v2\/pages\/1693\/revisions"}],"predecessor-version":[{"id":2232,"href":"https:\/\/new.ecomond.com\/wordpress\/wp-json\/wp\/v2\/pages\/1693\/revisions\/2232"}],"wp:attachment":[{"href":"https:\/\/new.ecomond.com\/wordpress\/wp-json\/wp\/v2\/media?parent=1693"}],"curies":[{"name":"wp","href":"https:\/\/api.w.org\/{rel}","templated":true}]}}