{"id":2332,"date":"2025-03-13T17:06:42","date_gmt":"2025-03-13T17:06:42","guid":{"rendered":"https:\/\/new.ecomond.com\/wordpress\/?page_id=2332"},"modified":"2025-03-20T20:21:29","modified_gmt":"2025-03-20T20:21:29","slug":"blogi","status":"publish","type":"page","link":"https:\/\/new.ecomond.com\/wordpress\/fi\/blogi\/","title":{"rendered":"blogi"},"content":{"rendered":"\t\t<div data-elementor-type=\"wp-page\" data-elementor-id=\"2332\" class=\"elementor elementor-2332\" data-elementor-post-type=\"page\">\n\t\t\t\t<div class=\"elementor-element elementor-element-34681bd e-flex e-con-boxed e-con e-parent\" data-id=\"34681bd\" data-element_type=\"container\" data-settings=\"{&quot;background_background&quot;:&quot;classic&quot;}\">\n\t\t\t\t\t<div class=\"e-con-inner\">\n\t\t<div class=\"elementor-element elementor-element-aa94f7a e-con-full e-flex e-con e-child\" data-id=\"aa94f7a\" data-element_type=\"container\">\n\t\t\t\t<div class=\"elementor-element elementor-element-05aec53 elementor-widget elementor-widget-heading\" data-id=\"05aec53\" data-element_type=\"widget\" data-settings=\"{&quot;_animation&quot;:&quot;none&quot;}\" data-widget_type=\"heading.default\">\n\t\t\t\t<div class=\"elementor-widget-container\">\n\t\t\t\t\t<h2 class=\"elementor-heading-title elementor-size-default\">Blogi<\/h2>\t\t\t\t<\/div>\n\t\t\t\t<\/div>\n\t\t\t\t<\/div>\n\t\t\t\t\t<\/div>\n\t\t\t\t<\/div>\n\t\t\t\t<section class=\"elementor-section elementor-top-section elementor-element elementor-element-674f233b elementor-section-boxed elementor-section-height-default elementor-section-height-default\" data-id=\"674f233b\" data-element_type=\"section\" data-settings=\"{&quot;background_background&quot;:&quot;classic&quot;}\">\n\t\t\t\t\t\t<div class=\"elementor-container elementor-column-gap-default\">\n\t\t\t\t\t<div class=\"elementor-column elementor-col-100 elementor-top-column elementor-element elementor-element-5be90675\" data-id=\"5be90675\" data-element_type=\"column\">\n\t\t\t<div class=\"elementor-widget-wrap elementor-element-populated\">\n\t\t\t\t\t\t<div class=\"elementor-element elementor-element-23baa75 elementor-grid-3 elementor-grid-tablet-2 elementor-grid-mobile-1 elementor-posts--thumbnail-top elementor-widget elementor-widget-posts\" data-id=\"23baa75\" data-element_type=\"widget\" data-settings=\"{&quot;classic_columns&quot;:&quot;3&quot;,&quot;classic_columns_tablet&quot;:&quot;2&quot;,&quot;classic_columns_mobile&quot;:&quot;1&quot;,&quot;classic_row_gap&quot;:{&quot;unit&quot;:&quot;px&quot;,&quot;size&quot;:35,&quot;sizes&quot;:[]},&quot;classic_row_gap_tablet&quot;:{&quot;unit&quot;:&quot;px&quot;,&quot;size&quot;:&quot;&quot;,&quot;sizes&quot;:[]},&quot;classic_row_gap_mobile&quot;:{&quot;unit&quot;:&quot;px&quot;,&quot;size&quot;:&quot;&quot;,&quot;sizes&quot;:[]}}\" data-widget_type=\"posts.classic\">\n\t\t\t\t<div class=\"elementor-widget-container\">\n\t\t\t\t\t\t\t<div class=\"elementor-posts-container elementor-posts elementor-posts--skin-classic elementor-grid\">\n\t\t\t\t<article class=\"elementor-post elementor-grid-item post-2520 post type-post status-publish format-standard has-post-thumbnail hentry category-blog-fi\">\n\t\t\t\t<a class=\"elementor-post__thumbnail__link\" href=\"https:\/\/new.ecomond.com\/wordpress\/fi\/tapaustutkimus-anticimexin-tuholaistorjuntatoimintojen-hallinta\/\" tabindex=\"-1\" >\n\t\t\t<div class=\"elementor-post__thumbnail\"><img fetchpriority=\"high\" decoding=\"async\" width=\"1280\" height=\"601\" src=\"https:\/\/new.ecomond.com\/wordpress\/wp-content\/uploads\/2025\/01\/acimex.webp\" class=\"attachment-full size-full wp-image-2258\" alt=\"acimex\" srcset=\"https:\/\/new.ecomond.com\/wordpress\/wp-content\/uploads\/2025\/01\/acimex.webp 1280w, https:\/\/new.ecomond.com\/wordpress\/wp-content\/uploads\/2025\/01\/acimex-300x141.webp 300w, https:\/\/new.ecomond.com\/wordpress\/wp-content\/uploads\/2025\/01\/acimex-1024x481.webp 1024w, https:\/\/new.ecomond.com\/wordpress\/wp-content\/uploads\/2025\/01\/acimex-768x361.webp 768w\" sizes=\"(max-width: 1280px) 100vw, 1280px\" \/><\/div>\n\t\t<\/a>\n\t\t\t\t<div class=\"elementor-post__text\">\n\t\t\t\t<h3 class=\"elementor-post__title\">\n\t\t\t<a href=\"https:\/\/new.ecomond.com\/wordpress\/fi\/tapaustutkimus-anticimexin-tuholaistorjuntatoimintojen-hallinta\/\" >\n\t\t\t\tTapaustutkimus: Anticimexin tuholaistorjuntatoimintojen hallinta\t\t\t<\/a>\n\t\t<\/h3>\n\t\t\t\t<div class=\"elementor-post__meta-data\">\n\t\t\t\t\t<span class=\"elementor-post-date\">\n\t\t\tFebruary 1, 2025\t\t<\/span>\n\t\t\t\t<\/div>\n\t\t\t\t<div class=\"elementor-post__excerpt\">\n\t\t\t<p>Anticimex on kansainv\u00e4linen tuholaistorjunta-, rakennetun ymp\u00e4rist\u00f6n ja elintarvikehygienian toimittaja. Ne ovat yksi harvoista yrityksist\u00e4 Suomessa, jotka tarjoavat digitaalisia ratkaisuja tuholaistorjuntaan omalla SMART-j\u00e4rjestelm\u00e4ll\u00e4\u00e4n. Ecomondin Task Control System (TCS) on integroitu toimimaan Anticimexin j\u00e4rjestelmien ja ohjelmistoalustojen kanssa. Tiedot et\u00e4valvonnasta ja tuholaistorjunnasta v\u00e4litet\u00e4\u00e4n<\/p>\n\t\t<\/div>\n\t\t\t\t\t<div class=\"elementor-post__read-more-wrapper\">\n\t\t\n\t\t<a class=\"elementor-post__read-more\" href=\"https:\/\/new.ecomond.com\/wordpress\/fi\/tapaustutkimus-anticimexin-tuholaistorjuntatoimintojen-hallinta\/\" aria-label=\"Read more about Tapaustutkimus: Anticimexin tuholaistorjuntatoimintojen hallinta\" tabindex=\"-1\" >\n\t\t\tLue lis\u00e4\u00e4 \u00bb\t\t<\/a>\n\n\t\t\t\t\t<\/div>\n\t\t\t\t<\/div>\n\t\t\t\t<\/article>\n\t\t\t\t<article class=\"elementor-post elementor-grid-item post-2522 post type-post status-publish format-standard has-post-thumbnail hentry category-blog-fi\">\n\t\t\t\t<a class=\"elementor-post__thumbnail__link\" href=\"https:\/\/new.ecomond.com\/wordpress\/fi\/monimutkaisten-toimintojen-hallinta-tulevaisuudessa-hyodyntaa-pilvipohjaisia-ratkaisuja-kuten-ecomondin-task-control-system-tcs\/\" tabindex=\"-1\" >\n\t\t\t<div class=\"elementor-post__thumbnail\"><img decoding=\"async\" width=\"854\" height=\"566\" src=\"https:\/\/new.ecomond.com\/wordpress\/wp-content\/uploads\/2024\/11\/blog-2.png\" class=\"attachment-full size-full wp-image-558\" alt=\"\" srcset=\"https:\/\/new.ecomond.com\/wordpress\/wp-content\/uploads\/2024\/11\/blog-2.png 854w, https:\/\/new.ecomond.com\/wordpress\/wp-content\/uploads\/2024\/11\/blog-2-300x199.png 300w, https:\/\/new.ecomond.com\/wordpress\/wp-content\/uploads\/2024\/11\/blog-2-768x509.png 768w\" sizes=\"(max-width: 854px) 100vw, 854px\" \/><\/div>\n\t\t<\/a>\n\t\t\t\t<div class=\"elementor-post__text\">\n\t\t\t\t<h3 class=\"elementor-post__title\">\n\t\t\t<a href=\"https:\/\/new.ecomond.com\/wordpress\/fi\/monimutkaisten-toimintojen-hallinta-tulevaisuudessa-hyodyntaa-pilvipohjaisia-ratkaisuja-kuten-ecomondin-task-control-system-tcs\/\" >\n\t\t\t\tMonimutkaisten toimintojen hallinta tulevaisuudessa: hy\u00f6dynt\u00e4\u00e4 pilvipohjaisia \u200b\u200bratkaisuja, kuten Ecomondin Task Control System (TCS)\t\t\t<\/a>\n\t\t<\/h3>\n\t\t\t\t<div class=\"elementor-post__meta-data\">\n\t\t\t\t\t<span class=\"elementor-post-date\">\n\t\t\tDecember 5, 2024\t\t<\/span>\n\t\t\t\t<\/div>\n\t\t\t\t<div class=\"elementor-post__excerpt\">\n\t\t\t<p>Yritykset toimivat jatkuvasti muuttuvassa maailmassa, jossa v\u00e4lit\u00f6n ja sujuva sopeutuminen on avainasemassa. Toiminnanhallinnan tulevaisuus on joustavien, skaalautuvien ja tehokkaiden pilvipohjaisten ratkaisujen hy\u00f6dynt\u00e4misess\u00e4. T\u00e4ss\u00e4 blogissa tarkastellaan, kuinka Ecomondin TCS:n kaltaiset innovatiiviset alustat mullistavat tavan, jolla yritykset hoitavat toimintaansa. Siirtyminen pilvipohjaisiin ratkaisuihin<\/p>\n\t\t<\/div>\n\t\t\t\t\t<div class=\"elementor-post__read-more-wrapper\">\n\t\t\n\t\t<a class=\"elementor-post__read-more\" href=\"https:\/\/new.ecomond.com\/wordpress\/fi\/monimutkaisten-toimintojen-hallinta-tulevaisuudessa-hyodyntaa-pilvipohjaisia-ratkaisuja-kuten-ecomondin-task-control-system-tcs\/\" aria-label=\"Read more about Monimutkaisten toimintojen hallinta tulevaisuudessa: hy\u00f6dynt\u00e4\u00e4 pilvipohjaisia \u200b\u200bratkaisuja, kuten Ecomondin Task Control System (TCS)\" tabindex=\"-1\" >\n\t\t\tLue lis\u00e4\u00e4 \u00bb\t\t<\/a>\n\n\t\t\t\t\t<\/div>\n\t\t\t\t<\/div>\n\t\t\t\t<\/article>\n\t\t\t\t<article class=\"elementor-post elementor-grid-item post-2524 post type-post status-publish format-standard has-post-thumbnail hentry category-blog-fi\">\n\t\t\t\t<a class=\"elementor-post__thumbnail__link\" href=\"https:\/\/new.ecomond.com\/wordpress\/fi\/5-tapaa-optimoida-logistiikka-ecomondin-task-control-systemin-tcs-avulla\/\" tabindex=\"-1\" >\n\t\t\t<div class=\"elementor-post__thumbnail\"><img decoding=\"async\" width=\"853\" height=\"564\" src=\"https:\/\/new.ecomond.com\/wordpress\/wp-content\/uploads\/2024\/11\/blog-3.png\" class=\"attachment-full size-full wp-image-559\" alt=\"blog 3\" srcset=\"https:\/\/new.ecomond.com\/wordpress\/wp-content\/uploads\/2024\/11\/blog-3.png 853w, https:\/\/new.ecomond.com\/wordpress\/wp-content\/uploads\/2024\/11\/blog-3-300x198.png 300w, https:\/\/new.ecomond.com\/wordpress\/wp-content\/uploads\/2024\/11\/blog-3-768x508.png 768w\" sizes=\"(max-width: 853px) 100vw, 853px\" \/><\/div>\n\t\t<\/a>\n\t\t\t\t<div class=\"elementor-post__text\">\n\t\t\t\t<h3 class=\"elementor-post__title\">\n\t\t\t<a href=\"https:\/\/new.ecomond.com\/wordpress\/fi\/5-tapaa-optimoida-logistiikka-ecomondin-task-control-systemin-tcs-avulla\/\" >\n\t\t\t\t5 tapaa optimoida logistiikka Ecomondin Task Control Systemin (TCS) avulla\t\t\t<\/a>\n\t\t<\/h3>\n\t\t\t\t<div class=\"elementor-post__meta-data\">\n\t\t\t\t\t<span class=\"elementor-post-date\">\n\t\t\tOctober 22, 2024\t\t<\/span>\n\t\t\t\t<\/div>\n\t\t\t\t<div class=\"elementor-post__excerpt\">\n\t\t\t<p>Logistiikan optimointi voi olla eritt\u00e4in haastavaa, varsinkin kun useita prosesseja tehd\u00e4\u00e4n viel\u00e4 manuaalisesti ja muutoksia tapahtuu usein. Ecomondin TCS auttaa yrityksi\u00e4 toimimaan systemaattisesti ja automatisoidusti, mik\u00e4 takaa korkean tehokkuuden ja v\u00e4hemm\u00e4n virheit\u00e4. T\u00e4\u00e4lt\u00e4 l\u00f6yd\u00e4t viisi toimivaa vinkki\u00e4 logistiikan optimointiin TCS:n<\/p>\n\t\t<\/div>\n\t\t\t\t\t<div class=\"elementor-post__read-more-wrapper\">\n\t\t\n\t\t<a class=\"elementor-post__read-more\" href=\"https:\/\/new.ecomond.com\/wordpress\/fi\/5-tapaa-optimoida-logistiikka-ecomondin-task-control-systemin-tcs-avulla\/\" aria-label=\"Read more about 5 tapaa optimoida logistiikka Ecomondin Task Control Systemin (TCS) avulla\" tabindex=\"-1\" >\n\t\t\tLue lis\u00e4\u00e4 \u00bb\t\t<\/a>\n\n\t\t\t\t\t<\/div>\n\t\t\t\t<\/div>\n\t\t\t\t<\/article>\n\t\t\t\t<\/div>\n\t\t\n\t\t\t\t\t\t<\/div>\n\t\t\t\t<\/div>\n\t\t\t\t\t<\/div>\n\t\t<\/div>\n\t\t\t\t\t<\/div>\n\t\t<\/section>\n\t\t\t\t<\/div>\n\t\t","protected":false},"excerpt":{"rendered":"<p>Blogi<\/p>\n","protected":false},"author":1,"featured_media":0,"parent":0,"menu_order":0,"comment_status":"closed","ping_status":"closed","template":"elementor_header_footer","meta":{"footnotes":""},"class_list":["post-2332","page","type-page","status-publish","hentry"],"_links":{"self":[{"href":"https:\/\/new.ecomond.com\/wordpress\/wp-json\/wp\/v2\/pages\/2332","targetHints":{"allow":["GET"]}}],"collection":[{"href":"https:\/\/new.ecomond.com\/wordpress\/wp-json\/wp\/v2\/pages"}],"about":[{"href":"https:\/\/new.ecomond.com\/wordpress\/wp-json\/wp\/v2\/types\/page"}],"author":[{"embeddable":true,"href":"https:\/\/new.ecomond.com\/wordpress\/wp-json\/wp\/v2\/users\/1"}],"replies":[{"embeddable":true,"href":"https:\/\/new.ecomond.com\/wordpress\/wp-json\/wp\/v2\/comments?post=2332"}],"version-history":[{"count":7,"href":"https:\/\/new.ecomond.com\/wordpress\/wp-json\/wp\/v2\/pages\/2332\/revisions"}],"predecessor-version":[{"id":2543,"href":"https:\/\/new.ecomond.com\/wordpress\/wp-json\/wp\/v2\/pages\/2332\/revisions\/2543"}],"wp:attachment":[{"href":"https:\/\/new.ecomond.com\/wordpress\/wp-json\/wp\/v2\/media?parent=2332"}],"curies":[{"name":"wp","href":"https:\/\/api.w.org\/{rel}","templated":true}]}}